{"id":93,"date":"2021-07-19T06:41:04","date_gmt":"2021-07-19T06:41:04","guid":{"rendered":"http:\/\/mxbgmusic.com\/?page_id=7"},"modified":"2023-04-01T08:50:15","modified_gmt":"2023-04-01T06:50:15","slug":"home11","status":"publish","type":"page","link":"https:\/\/maxbecq.com\/","title":{"rendered":"Home"},"content":{"rendered":"<div class=\"bm-builder clearfix \"><div id=\"\" class=\"module col-0 module-id-1772837198174 bm-wrap row-middle row-left\" data-module-col=\"0\" data-change-color=\"off\" data-backcolor=\"transparent\" data-frontcolor=\"\" data-logocolor=\"\" data-goto-top=\"off\" data-goto-top-spacing=\"0\" data-goto-disable-m=\"off\" data-groupsameheight=\"off\"><div class=\"module-inside group-inside\" style=\"--cornerRadius:0px 0px 0px 0px ; --top-mod: 0px;--bottom-mod: 0px;--top-mod-t: 0px;--bottom-mod-t: 0px;--top-mod-m:0px;--bottom-mod-m:0px;\" ><div class=\"bm-background-img\" style=\"background-image:url(https:\/\/maxbecq.com\/wp-content\/uploads\/2026\/03\/2025_Sample-P1072682-Aurel-Val-scaled.jpg);background-attachment:fixed;background-position: 50% 0;--maskOpacity:0.00000001;--maskColor:#000000;\"><\/div><div id=\"\" class=\"module col-4 module-id-1772837198257\" data-module-col=\"4\"><div class=\"module-inside text-inside\" style=\"--top-mod: 0px;--bottom-mod: 0px;--top-mod-t: 0px;--bottom-mod-t: 0px;--top-mod-m:0px;--bottom-mod-m:0px;\" ><div class=\"text_block_out\"  data-effect=\"standard\" style=\"\"><div class=\"text_block ux-mod-nobg fullscreen-wrap\"><div class=\"text_block_inn\"><div id=\"text-1772837198257\" class=\"text_block_centered text_block_centered_enable_width\"  style=\"\"><p>Musiques \u00e9lectroniques, exp\u00e9rimentales et vivantes<\/p>\n<p>&nbsp;<\/p>\n<p><em>Performances improvis\u00e9es entre ambient, electronica et \u00e9tranget\u00e9 douce \u2014 synth\u00e9tiseur modulaire et programmes sur mesure<\/em><\/p><\/div><\/div><\/div><\/div><\/div><\/div><div id=\"\" class=\"module col-8 module-id-1772873657013\" data-module-col=\"8\"><div class=\"module-inside text-inside\" style=\"--top-mod: 0px;--bottom-mod: 0px;--top-mod-t: 0px;--bottom-mod-t: 0px;--top-mod-m:0px;--bottom-mod-m:0px;\" ><div class=\"text_block_out\"  data-effect=\"standard\" style=\"\"><div class=\"text_block ux-mod-nobg\"><div class=\"text_block_inn\"><div id=\"text-1772873657013\" class=\"text_block_centered text_block_centered_enable_width\"  style=\"\"><p><span style=\"font-size: 12px;\">Cr\u00e9dits photo : Aur\u00e9lien Valuet<\/span><\/p><\/div><\/div><\/div><\/div><\/div><\/div><\/div><\/div><\/div>","protected":false},"excerpt":{"rendered":"<p>Musiques \u00e9lectroniques, exp\u00e9rimentales et vivantes &nbsp; Performances improvis\u00e9es entre ambient, &hellip;<\/p>\n","protected":false},"author":1,"featured_media":0,"parent":0,"menu_order":0,"comment_status":"closed","ping_status":"closed","template":"","meta":{"footnotes":""},"class_list":["post-93","page","type-page","status-publish","hentry"],"_links":{"self":[{"href":"https:\/\/maxbecq.com\/index.php\/wp-json\/wp\/v2\/pages\/93","targetHints":{"allow":["GET"]}}],"collection":[{"href":"https:\/\/maxbecq.com\/index.php\/wp-json\/wp\/v2\/pages"}],"about":[{"href":"https:\/\/maxbecq.com\/index.php\/wp-json\/wp\/v2\/types\/page"}],"author":[{"embeddable":true,"href":"https:\/\/maxbecq.com\/index.php\/wp-json\/wp\/v2\/users\/1"}],"replies":[{"embeddable":true,"href":"https:\/\/maxbecq.com\/index.php\/wp-json\/wp\/v2\/comments?post=93"}],"version-history":[{"count":1,"href":"https:\/\/maxbecq.com\/index.php\/wp-json\/wp\/v2\/pages\/93\/revisions"}],"predecessor-version":[{"id":112,"href":"https:\/\/maxbecq.com\/index.php\/wp-json\/wp\/v2\/pages\/93\/revisions\/112"}],"wp:attachment":[{"href":"https:\/\/maxbecq.com\/index.php\/wp-json\/wp\/v2\/media?parent=93"}],"curies":[{"name":"wp","href":"https:\/\/api.w.org\/{rel}","templated":true}]}}